{"id":48,"date":"2020-08-21T13:51:31","date_gmt":"2020-08-21T11:51:31","guid":{"rendered":"http:\/\/sehenswert.biebertaler-bilderbogen.de\/?page_id=48"},"modified":"2026-03-17T15:22:47","modified_gmt":"2026-03-17T14:22:47","slug":"schii-is-hej","status":"publish","type":"page","link":"https:\/\/sehenswert.bibibo.info\/","title":{"rendered":"\u00dcbersicht"},"content":{"rendered":"\n<div class=\"wp-block-columns is-layout-flex wp-container-core-columns-is-layout-28f84493 wp-block-columns-is-layout-flex\">\n<div class=\"wp-block-column is-layout-flow wp-block-column-is-layout-flow\">\n<h3 class=\"wp-block-heading has-text-align-center\"><a href=\"https:\/\/sehenswert.bibibo.info\/?page_id=2874\" target=\"_blank\" rel=\"noreferrer noopener\">Bankaussichten<\/a><br>auf Biebertal<\/h3>\n\n\n\n<p>Die Gemeinde von Ruhe-B\u00e4nken aus <br>aus verschiedenen Blickwinkeln sehen <br>und sch\u00f6ne Pl\u00e4tze finden<\/p>\n\n\n\n<figure class=\"wp-block-image size-large\"><a href=\"http:\/\/sehenswert.bibibo.info\/bank-oberhalb-birkenfeld\/\" target=\"_blank\" rel=\"noopener noreferrer\"><img loading=\"lazy\" decoding=\"async\" width=\"1024\" height=\"576\" src=\"http:\/\/sehenswert.bibibo.info\/wp-content\/uploads\/2020\/08\/20200722_Bank-oberhalb-Burgblick-1-1024x576.jpg\" alt=\"\" class=\"wp-image-1306\" srcset=\"https:\/\/sehenswert.bibibo.info\/wp-content\/uploads\/2020\/08\/20200722_Bank-oberhalb-Burgblick-1-1024x576.jpg 1024w, https:\/\/sehenswert.bibibo.info\/wp-content\/uploads\/2020\/08\/20200722_Bank-oberhalb-Burgblick-1-300x169.jpg 300w, https:\/\/sehenswert.bibibo.info\/wp-content\/uploads\/2020\/08\/20200722_Bank-oberhalb-Burgblick-1-768x432.jpg 768w, https:\/\/sehenswert.bibibo.info\/wp-content\/uploads\/2020\/08\/20200722_Bank-oberhalb-Burgblick-1-1536x864.jpg 1536w, https:\/\/sehenswert.bibibo.info\/wp-content\/uploads\/2020\/08\/20200722_Bank-oberhalb-Burgblick-1-2048x1152.jpg 2048w\" sizes=\"auto, (max-width: 1024px) 100vw, 1024px\" \/><\/a><\/figure>\n<\/div>\n\n\n\n<div class=\"wp-block-column is-layout-flow wp-block-column-is-layout-flow\">\n<h3 class=\"wp-block-heading has-text-align-center\">besondere Orte<br>die Biebertal zu bieten hat<\/h3>\n\n\n\n<figure class=\"wp-block-image aligncenter size-full\"><img loading=\"lazy\" decoding=\"async\" width=\"989\" height=\"660\" src=\"http:\/\/sehenswert.bibibo.info\/wp-content\/uploads\/2022\/07\/Screenshot-2022-07-29-105215.jpg\" alt=\"\" class=\"wp-image-2458\" style=\"aspect-ratio:1.1032362133279565\" srcset=\"https:\/\/sehenswert.bibibo.info\/wp-content\/uploads\/2022\/07\/Screenshot-2022-07-29-105215.jpg 989w, https:\/\/sehenswert.bibibo.info\/wp-content\/uploads\/2022\/07\/Screenshot-2022-07-29-105215-300x200.jpg 300w, https:\/\/sehenswert.bibibo.info\/wp-content\/uploads\/2022\/07\/Screenshot-2022-07-29-105215-768x513.jpg 768w, https:\/\/sehenswert.bibibo.info\/wp-content\/uploads\/2022\/07\/Screenshot-2022-07-29-105215-120x80.jpg 120w\" sizes=\"auto, (max-width: 989px) 100vw, 989px\" \/><\/figure>\n\n\n\n<ul class=\"wp-block-list\">\n<li><strong>D\u00fcnsberg<\/strong> &#8211; <strong>Biebertal<\/strong><\/li>\n\n\n\n<li><strong>Vetzburg<\/strong> &#8211; <strong>Vetzberg<\/strong><\/li>\n\n\n\n<li><strong><a href=\"https:\/\/www.gailscherpark.de\/\">Gailscher Park <\/a><\/strong>&#8211; <strong>Rodheim<\/strong><\/li>\n\n\n\n<li><strong>Grenzsteingarten <\/strong>am <br><strong>Kelten-R\u00f6mer-Weg<\/strong> &#8211; <strong>Fellingshausen<\/strong><\/li>\n\n\n\n<li><strong>Himberg <\/strong>&#8211; K\u00f6nigstuhl, Sternschanze, Frauenkreuz<\/li>\n\n\n\n<li><strong>Hof Schmitte<\/strong> &#8211; <strong>Rodheim<\/strong><\/li>\n\n\n\n<li><strong>Entschleunigungsweg<\/strong> &#8211; <strong>Rodheim<\/strong><\/li>\n\n\n\n<li><strong><a rel=\"noreferrer noopener\" href=\"https:\/\/www.elisabethpfad.de\/service\/unterkunftsverzeichnisse\/unterkunftsverzeichnis-frankfurt-marburg\/\" target=\"_blank\">Elisabethenpfad <\/a><\/strong>&#8211; <strong>Krumbach &#8211; Fellingshausen &#8211; Bieber<\/strong><\/li>\n\n\n\n<li><strong>Hofgut Bubenrod<\/strong> &#8211; <strong>K\u00f6nigsberg<\/strong><\/li>\n\n\n\n<li><strong>Familienwiese <\/strong>&#8211; <strong>Frankenbach<\/strong> und <strong>Rodheim<\/strong><\/li>\n\n\n\n<li>uvm.<\/li>\n<\/ul>\n\n\n\n<p><\/p>\n<\/div>\n\n\n\n<div class=\"wp-block-column is-layout-flow wp-block-column-is-layout-flow\">\n<h3 class=\"wp-block-heading has-text-align-center\">Sch\u00f6n ist es hier<\/h3>\n\n\n\n<p class=\"has-text-align-center\"><strong>Bildersammlung<\/strong><\/p>\n\n\n\n<figure class=\"wp-block-image aligncenter size-full\"><img loading=\"lazy\" decoding=\"async\" width=\"658\" height=\"291\" src=\"https:\/\/sehenswert.bibibo.info\/wp-content\/uploads\/2026\/03\/Screenshot-Vetzberg-2026-03-15-145450.png\" alt=\"\" class=\"wp-image-2647\" srcset=\"https:\/\/sehenswert.bibibo.info\/wp-content\/uploads\/2026\/03\/Screenshot-Vetzberg-2026-03-15-145450.png 658w, https:\/\/sehenswert.bibibo.info\/wp-content\/uploads\/2026\/03\/Screenshot-Vetzberg-2026-03-15-145450-300x133.png 300w\" sizes=\"auto, (max-width: 658px) 100vw, 658px\" \/><\/figure>\n\n\n\n<ul class=\"wp-block-list\">\n<li><strong><a href=\"http:\/\/sehenswert.bibibo.info\/fruehlingseindruecke-von-sandra-loew\/\" target=\"_blank\" rel=\"noreferrer noopener\">Fr\u00fchlingseindr\u00fccke<\/a><\/strong><\/li>\n<\/ul>\n\n\n\n<h3 class=\"wp-block-heading has-text-align-center\">Lustig ist es hier <br>Interessante Anekdoten<\/h3>\n\n\n\n<p class=\"has-text-align-center\"><strong>Geschichten, <br>die das (Biebertaler) Leben schreibt.<\/strong><\/p>\n\n\n\n<p><\/p>\n\n\n\n<h1 class=\"wp-block-heading has-text-align-center\">Museen in Biebertal<\/h1>\n\n\n\n<ul class=\"wp-block-list\">\n<li><strong><a href=\"https:\/\/rodheim.biebertaler-bilderbogen.de\/museum-keltenkeller\/\" target=\"_blank\" rel=\"noreferrer noopener\">Kelten-Museum<\/a><\/strong> &#8211; <strong>Rodheim<\/strong><br><a href=\"http:\/\/sehenswert.bibibo.info\/keltenwelten\/\" target=\"_blank\" rel=\"noreferrer noopener\">Keltenwelten<\/a><\/li>\n\n\n\n<li><a href=\"https:\/\/sehenswert.bibibo.info\/?p=2652\" target=\"_blank\" rel=\"noreferrer noopener\"><strong>Bieberlies<\/strong> <strong>Museum<\/strong><\/a><strong> <\/strong>&#8211; <strong>Rodheim<\/strong><\/li>\n\n\n\n<li><strong>Heimatmuseum<\/strong>, sowohl in<br><strong>Rodheim <\/strong>wie in <strong>Frankenbach<\/strong><\/li>\n\n\n\n<li><strong>Bauernmuseum Hof Haina<\/strong> &#8211; <strong>Bieber<\/strong><\/li>\n\n\n\n<li><\/li>\n<\/ul>\n<\/div>\n<\/div>\n\n\n\n<p><\/p>\n","protected":false},"excerpt":{"rendered":"<p>Bankaussichtenauf Biebertal Die Gemeinde von Ruhe-B\u00e4nken aus aus verschiedenen Blickwinkeln sehen und sch\u00f6ne Pl\u00e4tze finden besondere Ortedie Biebertal zu bieten hat Sch\u00f6n ist es hier Bildersammlung Lustig ist es hier Interessante Anekdoten Geschichten, die das (Biebertaler) Leben schreibt. Museen in Biebertal<\/p>\n","protected":false},"author":6,"featured_media":0,"parent":0,"menu_order":0,"comment_status":"closed","ping_status":"closed","template":"","meta":{"inspiro_hide_title":false,"footnotes":""},"class_list":["post-48","page","type-page","status-publish","hentry"],"_links":{"self":[{"href":"https:\/\/sehenswert.bibibo.info\/index.php?rest_route=\/wp\/v2\/pages\/48","targetHints":{"allow":["GET"]}}],"collection":[{"href":"https:\/\/sehenswert.bibibo.info\/index.php?rest_route=\/wp\/v2\/pages"}],"about":[{"href":"https:\/\/sehenswert.bibibo.info\/index.php?rest_route=\/wp\/v2\/types\/page"}],"author":[{"embeddable":true,"href":"https:\/\/sehenswert.bibibo.info\/index.php?rest_route=\/wp\/v2\/users\/6"}],"replies":[{"embeddable":true,"href":"https:\/\/sehenswert.bibibo.info\/index.php?rest_route=%2Fwp%2Fv2%2Fcomments&post=48"}],"version-history":[{"count":10,"href":"https:\/\/sehenswert.bibibo.info\/index.php?rest_route=\/wp\/v2\/pages\/48\/revisions"}],"predecessor-version":[{"id":2878,"href":"https:\/\/sehenswert.bibibo.info\/index.php?rest_route=\/wp\/v2\/pages\/48\/revisions\/2878"}],"wp:attachment":[{"href":"https:\/\/sehenswert.bibibo.info\/index.php?rest_route=%2Fwp%2Fv2%2Fmedia&parent=48"}],"curies":[{"name":"wp","href":"https:\/\/api.w.org\/{rel}","templated":true}]}}